{"id":30615,"date":"2020-01-28T19:46:32","date_gmt":"2020-01-28T18:46:32","guid":{"rendered":"https:\/\/respondelligent.com\/?page_id=30615"},"modified":"2020-02-04T09:39:27","modified_gmt":"2020-02-04T08:39:27","slug":"montageanleitung-webcam-cover","status":"publish","type":"page","link":"https:\/\/respondelligent.com\/de\/support-faq\/montageanleitung-webcam-cover\/","title":{"rendered":"Montageanleitung Webcam Cover"},"content":{"rendered":"<p>[et_pb_section fb_built=&#8221;1&#8243; specialty=&#8221;on&#8221; _builder_version=&#8221;4.0.9&#8243;][et_pb_column type=&#8221;3_4&#8243; specialty_columns=&#8221;3&#8243; _builder_version=&#8221;3.25&#8243; custom_padding=&#8221;|||&#8221; custom_padding__hover=&#8221;|||&#8221;][et_pb_row_inner _builder_version=&#8221;4.0.9&#8243;][et_pb_column_inner saved_specialty_column_type=&#8221;3_4&#8243; _builder_version=&#8221;4.0.9&#8243;][et_pb_text _builder_version=&#8221;4.0.9&#8243;]<\/p>\n<h2>Montageanleitung Webcam Cover<\/h2>\n<p>[\/et_pb_text][et_pb_text _builder_version=&#8221;4.0.9&#8243;]<\/p>\n<p>Mit dem re:spondelligent Webcam-Cover sch\u00fctzen Sie Ihre Privatsph\u00e4re und wissen, dass Sie nie ungewollt gefilmt werden. Das ultrad\u00fcnne Cover eignet sich f\u00fcr die meisten Laptops, Tablets und auch Smartphones.<\/p>\n<p>[\/et_pb_text][\/et_pb_column_inner][\/et_pb_row_inner][et_pb_row_inner column_structure=&#8221;1_3,1_3,1_3&#8243; _builder_version=&#8221;4.0.9&#8243;][et_pb_column_inner type=&#8221;1_3&#8243; saved_specialty_column_type=&#8221;3_4&#8243; _builder_version=&#8221;4.0.9&#8243;][et_pb_image src=&#8221;https:\/\/respondelligent.com\/wp-content\/uploads\/2020\/01\/1_Cleaning.jpg&#8221; show_in_lightbox=&#8221;on&#8221; use_overlay=&#8221;on&#8221; overlay_icon_color=&#8221;#00B0DC&#8221; hover_icon=&#8221;%%12%%&#8221; _builder_version=&#8221;4.0.9&#8243;][\/et_pb_image][et_pb_blurb title=&#8221;1. Bildschirm reinigen&#8221; _builder_version=&#8221;4.0.9&#8243;]<\/p>\n<p>Reinigen Sie den Bildschirm, dort wo sich die Kamera befindet<\/p>\n<p>[\/et_pb_blurb][\/et_pb_column_inner][et_pb_column_inner type=&#8221;1_3&#8243; saved_specialty_column_type=&#8221;3_4&#8243; _builder_version=&#8221;4.0.9&#8243;][et_pb_image src=&#8221;https:\/\/respondelligent.com\/wp-content\/uploads\/2020\/01\/2_RemoveCover.jpg&#8221; show_in_lightbox=&#8221;on&#8221; use_overlay=&#8221;on&#8221; overlay_icon_color=&#8221;#00B0DC&#8221; hover_icon=&#8221;%%12%%&#8221; _builder_version=&#8221;4.0.9&#8243;][\/et_pb_image][et_pb_blurb title=&#8221;2. L\u00f6sen Sie das Cover&#8221; _builder_version=&#8221;4.0.9&#8243;]<\/p>\n<p>Cover inklusive blauer Schutzfolie abl\u00f6sen<\/p>\n<p>[\/et_pb_blurb][\/et_pb_column_inner][et_pb_column_inner type=&#8221;1_3&#8243; saved_specialty_column_type=&#8221;3_4&#8243; _builder_version=&#8221;4.0.9&#8243;][et_pb_image src=&#8221;https:\/\/respondelligent.com\/wp-content\/uploads\/2020\/01\/3_Remove_Foil.jpg&#8221; show_in_lightbox=&#8221;on&#8221; use_overlay=&#8221;on&#8221; overlay_icon_color=&#8221;#00B0DC&#8221; hover_icon=&#8221;%%12%%&#8221; _builder_version=&#8221;4.0.9&#8243;][\/et_pb_image][et_pb_blurb title=&#8221;3. Schutzfolie abl\u00f6sen&#8221; _builder_version=&#8221;4.0.9&#8243;]<\/p>\n<p>Vorsichtig die blaue Folie abl\u00f6sen ohne die Klebefl\u00e4che zu ber\u00fchren<\/p>\n<p>[\/et_pb_blurb][\/et_pb_column_inner][\/et_pb_row_inner][et_pb_row_inner column_structure=&#8221;1_3,1_3,1_3&#8243; _builder_version=&#8221;4.0.9&#8243;][et_pb_column_inner type=&#8221;1_3&#8243; saved_specialty_column_type=&#8221;3_4&#8243; _builder_version=&#8221;4.0.9&#8243;][et_pb_image src=&#8221;https:\/\/respondelligent.com\/wp-content\/uploads\/2020\/01\/4_OpenCover_Fotor.jpg&#8221; show_in_lightbox=&#8221;on&#8221; use_overlay=&#8221;on&#8221; overlay_icon_color=&#8221;#00B0DC&#8221; hover_icon=&#8221;%%12%%&#8221; _builder_version=&#8221;4.0.9&#8243;][\/et_pb_image][et_pb_blurb title=&#8221;4. Slider \u00f6ffnen&#8221; _builder_version=&#8221;4.0.9&#8243;]<\/p>\n<p>Slider \u00f6ffnen, so dass die Kamera\u00f6ffnung sichtbar ist<\/p>\n<p>[\/et_pb_blurb][\/et_pb_column_inner][et_pb_column_inner type=&#8221;1_3&#8243; saved_specialty_column_type=&#8221;3_4&#8243; _builder_version=&#8221;4.0.9&#8243;][et_pb_image src=&#8221;https:\/\/respondelligent.com\/wp-content\/uploads\/2020\/01\/5_ApplyOnScreen.jpg&#8221; show_in_lightbox=&#8221;on&#8221; use_overlay=&#8221;on&#8221; overlay_icon_color=&#8221;#00B0DC&#8221; hover_icon=&#8221;%%12%%&#8221; _builder_version=&#8221;4.0.9&#8243;][\/et_pb_image][et_pb_blurb title=&#8221;5. Cover anbringen&#8221; _builder_version=&#8221;4.0.9&#8243;]<\/p>\n<p>Bringen Sie das Cover so an, dass die \u00d6ffnung \u00fcber der Kamera liegt<\/p>\n<p>[\/et_pb_blurb][\/et_pb_column_inner][et_pb_column_inner type=&#8221;1_3&#8243; saved_specialty_column_type=&#8221;3_4&#8243; _builder_version=&#8221;4.0.9&#8243;][et_pb_image src=&#8221;https:\/\/respondelligent.com\/wp-content\/uploads\/2020\/01\/6_SlideOpenClose.jpg&#8221; show_in_lightbox=&#8221;on&#8221; use_overlay=&#8221;on&#8221; overlay_icon_color=&#8221;#00B0DC&#8221; hover_icon=&#8221;%%12%%&#8221; _builder_version=&#8221;4.0.9&#8243;][\/et_pb_image][et_pb_blurb title=&#8221;6. Cover schliessen&#8221; _builder_version=&#8221;4.2.2&#8243; hover_enabled=&#8221;0&#8243;]<\/p>\n<p>Sie k\u00f6nnen nun das Webcam Cover auf- und zuschieben<\/p>\n<p>[\/et_pb_blurb][\/et_pb_column_inner][\/et_pb_row_inner][et_pb_row_inner _builder_version=&#8221;4.0.9&#8243;][et_pb_column_inner saved_specialty_column_type=&#8221;3_4&#8243; _builder_version=&#8221;4.0.9&#8243;][et_pb_text _builder_version=&#8221;4.0.9&#8243; text_font_size=&#8221;11px&#8221;]<\/p>\n<p><em>Falls etwas nicht klappen sollte, melden Sie sich via <a href=\"https:\/\/respondelligent.com\/#contact\">Kontaktformular<\/a> bei uns. Die re:spondelligent GmbH \u00fcbernimmt keine Haftung f\u00fcr etwaige Sch\u00e4den, die das Webcam Cover oder die Installation verursacht.<\/em><\/p>\n<p>[\/et_pb_text][\/et_pb_column_inner][\/et_pb_row_inner][\/et_pb_column][et_pb_column type=&#8221;1_4&#8243; _builder_version=&#8221;3.25&#8243; custom_padding=&#8221;|||&#8221; custom_padding__hover=&#8221;|||&#8221;][et_pb_sidebar _builder_version=&#8221;4.0.9&#8243;][\/et_pb_sidebar][\/et_pb_column][\/et_pb_section]<\/p>\n","protected":false},"excerpt":{"rendered":"<p>Mit dem re:spondelligent Webcam-Cover sch\u00fctzen Sie Ihre Privatsph\u00e4re. Einfach Montageanleitung f\u00fcr das ultrad\u00fcnne Webcam Cover.<\/p>\n","protected":false},"author":1,"featured_media":30628,"parent":25523,"menu_order":0,"comment_status":"closed","ping_status":"closed","template":"","meta":{"_et_pb_use_builder":"on","_et_pb_old_content":"","_et_gb_content_width":"","footnotes":""},"class_list":["post-30615","page","type-page","status-publish","has-post-thumbnail","hentry"],"yoast_head":"<!-- This site is optimized with the Yoast SEO plugin v27.3 - https:\/\/yoast.com\/product\/yoast-seo-wordpress\/ -->\n<title>Montageanleitung Webcam Cover - re:spondelligent<\/title>\n<meta name=\"description\" content=\"Mit dem re:spondelligent Webcam-Cover sch\u00fctzen Sie Ihre Privatsph\u00e4re. Einfach Montageanleitung f\u00fcr das ultrad\u00fcnne Webcam Cover.\" \/>\n<meta name=\"robots\" content=\"noindex, nofollow\" \/>\n<meta property=\"og:locale\" content=\"de_DE\" \/>\n<meta property=\"og:type\" content=\"article\" \/>\n<meta property=\"og:title\" content=\"Montageanleitung Webcam Cover - re:spondelligent\" \/>\n<meta property=\"og:description\" content=\"Mit dem re:spondelligent Webcam-Cover sch\u00fctzen Sie Ihre Privatsph\u00e4re. Einfach Montageanleitung f\u00fcr das ultrad\u00fcnne Webcam Cover.\" \/>\n<meta property=\"og:url\" content=\"https:\/\/respondelligent.com\/de\/support-faq\/montageanleitung-webcam-cover\/\" \/>\n<meta property=\"og:site_name\" content=\"re:spondelligent\" \/>\n<meta property=\"article:publisher\" content=\"https:\/\/www.facebook.com\/respondelligent\/\" \/>\n<meta property=\"article:modified_time\" content=\"2020-02-04T08:39:27+00:00\" \/>\n<meta property=\"og:image\" content=\"https:\/\/respondelligent.com\/wp-content\/uploads\/2020\/01\/5_ApplyOnScreen.jpg\" \/>\n\t<meta property=\"og:image:width\" content=\"2000\" \/>\n\t<meta property=\"og:image:height\" content=\"1499\" \/>\n\t<meta property=\"og:image:type\" content=\"image\/jpeg\" \/>\n<meta name=\"twitter:card\" content=\"summary_large_image\" \/>\n<meta name=\"twitter:site\" content=\"@respondelligent\" \/>\n<meta name=\"twitter:label1\" content=\"Est. reading time\" \/>\n\t<meta name=\"twitter:data1\" content=\"3 minutes\" \/>\n<script type=\"application\/ld+json\" class=\"yoast-schema-graph\">{\"@context\":\"https:\\\/\\\/schema.org\",\"@graph\":[{\"@type\":\"WebPage\",\"@id\":\"https:\\\/\\\/respondelligent.com\\\/de\\\/support-faq\\\/montageanleitung-webcam-cover\\\/\",\"url\":\"https:\\\/\\\/respondelligent.com\\\/de\\\/support-faq\\\/montageanleitung-webcam-cover\\\/\",\"name\":\"Montageanleitung Webcam Cover - re:spondelligent\",\"isPartOf\":{\"@id\":\"https:\\\/\\\/respondelligent.com\\\/de\\\/#website\"},\"primaryImageOfPage\":{\"@id\":\"https:\\\/\\\/respondelligent.com\\\/de\\\/support-faq\\\/montageanleitung-webcam-cover\\\/#primaryimage\"},\"image\":{\"@id\":\"https:\\\/\\\/respondelligent.com\\\/de\\\/support-faq\\\/montageanleitung-webcam-cover\\\/#primaryimage\"},\"thumbnailUrl\":\"https:\\\/\\\/respondelligent.com\\\/wp-content\\\/uploads\\\/2020\\\/01\\\/5_ApplyOnScreen.jpg\",\"datePublished\":\"2020-01-28T18:46:32+00:00\",\"dateModified\":\"2020-02-04T08:39:27+00:00\",\"description\":\"Mit dem re:spondelligent Webcam-Cover sch\u00fctzen Sie Ihre Privatsph\u00e4re. Einfach Montageanleitung f\u00fcr das ultrad\u00fcnne Webcam Cover.\",\"breadcrumb\":{\"@id\":\"https:\\\/\\\/respondelligent.com\\\/de\\\/support-faq\\\/montageanleitung-webcam-cover\\\/#breadcrumb\"},\"inLanguage\":\"de\",\"potentialAction\":[{\"@type\":\"ReadAction\",\"target\":[\"https:\\\/\\\/respondelligent.com\\\/de\\\/support-faq\\\/montageanleitung-webcam-cover\\\/\"]}]},{\"@type\":\"ImageObject\",\"inLanguage\":\"de\",\"@id\":\"https:\\\/\\\/respondelligent.com\\\/de\\\/support-faq\\\/montageanleitung-webcam-cover\\\/#primaryimage\",\"url\":\"https:\\\/\\\/respondelligent.com\\\/wp-content\\\/uploads\\\/2020\\\/01\\\/5_ApplyOnScreen.jpg\",\"contentUrl\":\"https:\\\/\\\/respondelligent.com\\\/wp-content\\\/uploads\\\/2020\\\/01\\\/5_ApplyOnScreen.jpg\",\"width\":2000,\"height\":1499,\"caption\":\"Webcam Cover anbringen\"},{\"@type\":\"BreadcrumbList\",\"@id\":\"https:\\\/\\\/respondelligent.com\\\/de\\\/support-faq\\\/montageanleitung-webcam-cover\\\/#breadcrumb\",\"itemListElement\":[{\"@type\":\"ListItem\",\"position\":1,\"name\":\"Home\",\"item\":\"https:\\\/\\\/respondelligent.com\\\/de\\\/\"},{\"@type\":\"ListItem\",\"position\":2,\"name\":\"OLD: Support &#038; FAQ\",\"item\":\"https:\\\/\\\/respondelligent.com\\\/de\\\/?page_id=25523\"},{\"@type\":\"ListItem\",\"position\":3,\"name\":\"Montageanleitung Webcam Cover\"}]},{\"@type\":\"WebSite\",\"@id\":\"https:\\\/\\\/respondelligent.com\\\/de\\\/#website\",\"url\":\"https:\\\/\\\/respondelligent.com\\\/de\\\/\",\"name\":\"re:spondelligent\",\"description\":\"Online Review Management and Response Assistant\",\"publisher\":{\"@id\":\"https:\\\/\\\/respondelligent.com\\\/de\\\/#organization\"},\"potentialAction\":[{\"@type\":\"SearchAction\",\"target\":{\"@type\":\"EntryPoint\",\"urlTemplate\":\"https:\\\/\\\/respondelligent.com\\\/de\\\/?s={search_term_string}\"},\"query-input\":{\"@type\":\"PropertyValueSpecification\",\"valueRequired\":true,\"valueName\":\"search_term_string\"}}],\"inLanguage\":\"de\"},{\"@type\":\"Organization\",\"@id\":\"https:\\\/\\\/respondelligent.com\\\/de\\\/#organization\",\"name\":\"re:spondelligent\",\"url\":\"https:\\\/\\\/respondelligent.com\\\/de\\\/\",\"logo\":{\"@type\":\"ImageObject\",\"inLanguage\":\"de\",\"@id\":\"https:\\\/\\\/respondelligent.com\\\/de\\\/#\\\/schema\\\/logo\\\/image\\\/\",\"url\":\"https:\\\/\\\/respondelligent.com\\\/wp-content\\\/uploads\\\/2021\\\/10\\\/respondelligent_new_logo.png\",\"contentUrl\":\"https:\\\/\\\/respondelligent.com\\\/wp-content\\\/uploads\\\/2021\\\/10\\\/respondelligent_new_logo.png\",\"width\":9560,\"height\":1328,\"caption\":\"re:spondelligent\"},\"image\":{\"@id\":\"https:\\\/\\\/respondelligent.com\\\/de\\\/#\\\/schema\\\/logo\\\/image\\\/\"},\"sameAs\":[\"https:\\\/\\\/www.facebook.com\\\/respondelligent\\\/\",\"https:\\\/\\\/x.com\\\/respondelligent\",\"https:\\\/\\\/www.linkedin.com\\\/company-beta\\\/11070595\",\"https:\\\/\\\/www.youtube.com\\\/channel\\\/UC5viYqQBWs0dDcQyUiwXwdw\"]}]}<\/script>\n<!-- \/ Yoast SEO plugin. -->","yoast_head_json":{"title":"Montageanleitung Webcam Cover - re:spondelligent","description":"Mit dem re:spondelligent Webcam-Cover sch\u00fctzen Sie Ihre Privatsph\u00e4re. Einfach Montageanleitung f\u00fcr das ultrad\u00fcnne Webcam Cover.","robots":{"index":"noindex","follow":"nofollow"},"og_locale":"de_DE","og_type":"article","og_title":"Montageanleitung Webcam Cover - re:spondelligent","og_description":"Mit dem re:spondelligent Webcam-Cover sch\u00fctzen Sie Ihre Privatsph\u00e4re. Einfach Montageanleitung f\u00fcr das ultrad\u00fcnne Webcam Cover.","og_url":"https:\/\/respondelligent.com\/de\/support-faq\/montageanleitung-webcam-cover\/","og_site_name":"re:spondelligent","article_publisher":"https:\/\/www.facebook.com\/respondelligent\/","article_modified_time":"2020-02-04T08:39:27+00:00","og_image":[{"width":2000,"height":1499,"url":"https:\/\/respondelligent.com\/wp-content\/uploads\/2020\/01\/5_ApplyOnScreen.jpg","type":"image\/jpeg"}],"twitter_card":"summary_large_image","twitter_site":"@respondelligent","twitter_misc":{"Est. reading time":"3 minutes"},"schema":{"@context":"https:\/\/schema.org","@graph":[{"@type":"WebPage","@id":"https:\/\/respondelligent.com\/de\/support-faq\/montageanleitung-webcam-cover\/","url":"https:\/\/respondelligent.com\/de\/support-faq\/montageanleitung-webcam-cover\/","name":"Montageanleitung Webcam Cover - re:spondelligent","isPartOf":{"@id":"https:\/\/respondelligent.com\/de\/#website"},"primaryImageOfPage":{"@id":"https:\/\/respondelligent.com\/de\/support-faq\/montageanleitung-webcam-cover\/#primaryimage"},"image":{"@id":"https:\/\/respondelligent.com\/de\/support-faq\/montageanleitung-webcam-cover\/#primaryimage"},"thumbnailUrl":"https:\/\/respondelligent.com\/wp-content\/uploads\/2020\/01\/5_ApplyOnScreen.jpg","datePublished":"2020-01-28T18:46:32+00:00","dateModified":"2020-02-04T08:39:27+00:00","description":"Mit dem re:spondelligent Webcam-Cover sch\u00fctzen Sie Ihre Privatsph\u00e4re. Einfach Montageanleitung f\u00fcr das ultrad\u00fcnne Webcam Cover.","breadcrumb":{"@id":"https:\/\/respondelligent.com\/de\/support-faq\/montageanleitung-webcam-cover\/#breadcrumb"},"inLanguage":"de","potentialAction":[{"@type":"ReadAction","target":["https:\/\/respondelligent.com\/de\/support-faq\/montageanleitung-webcam-cover\/"]}]},{"@type":"ImageObject","inLanguage":"de","@id":"https:\/\/respondelligent.com\/de\/support-faq\/montageanleitung-webcam-cover\/#primaryimage","url":"https:\/\/respondelligent.com\/wp-content\/uploads\/2020\/01\/5_ApplyOnScreen.jpg","contentUrl":"https:\/\/respondelligent.com\/wp-content\/uploads\/2020\/01\/5_ApplyOnScreen.jpg","width":2000,"height":1499,"caption":"Webcam Cover anbringen"},{"@type":"BreadcrumbList","@id":"https:\/\/respondelligent.com\/de\/support-faq\/montageanleitung-webcam-cover\/#breadcrumb","itemListElement":[{"@type":"ListItem","position":1,"name":"Home","item":"https:\/\/respondelligent.com\/de\/"},{"@type":"ListItem","position":2,"name":"OLD: Support &#038; FAQ","item":"https:\/\/respondelligent.com\/de\/?page_id=25523"},{"@type":"ListItem","position":3,"name":"Montageanleitung Webcam Cover"}]},{"@type":"WebSite","@id":"https:\/\/respondelligent.com\/de\/#website","url":"https:\/\/respondelligent.com\/de\/","name":"re:spondelligent","description":"Online Review Management and Response Assistant","publisher":{"@id":"https:\/\/respondelligent.com\/de\/#organization"},"potentialAction":[{"@type":"SearchAction","target":{"@type":"EntryPoint","urlTemplate":"https:\/\/respondelligent.com\/de\/?s={search_term_string}"},"query-input":{"@type":"PropertyValueSpecification","valueRequired":true,"valueName":"search_term_string"}}],"inLanguage":"de"},{"@type":"Organization","@id":"https:\/\/respondelligent.com\/de\/#organization","name":"re:spondelligent","url":"https:\/\/respondelligent.com\/de\/","logo":{"@type":"ImageObject","inLanguage":"de","@id":"https:\/\/respondelligent.com\/de\/#\/schema\/logo\/image\/","url":"https:\/\/respondelligent.com\/wp-content\/uploads\/2021\/10\/respondelligent_new_logo.png","contentUrl":"https:\/\/respondelligent.com\/wp-content\/uploads\/2021\/10\/respondelligent_new_logo.png","width":9560,"height":1328,"caption":"re:spondelligent"},"image":{"@id":"https:\/\/respondelligent.com\/de\/#\/schema\/logo\/image\/"},"sameAs":["https:\/\/www.facebook.com\/respondelligent\/","https:\/\/x.com\/respondelligent","https:\/\/www.linkedin.com\/company-beta\/11070595","https:\/\/www.youtube.com\/channel\/UC5viYqQBWs0dDcQyUiwXwdw"]}]}},"_links":{"self":[{"href":"https:\/\/respondelligent.com\/de\/wp-json\/wp\/v2\/pages\/30615","targetHints":{"allow":["GET"]}}],"collection":[{"href":"https:\/\/respondelligent.com\/de\/wp-json\/wp\/v2\/pages"}],"about":[{"href":"https:\/\/respondelligent.com\/de\/wp-json\/wp\/v2\/types\/page"}],"author":[{"embeddable":true,"href":"https:\/\/respondelligent.com\/de\/wp-json\/wp\/v2\/users\/1"}],"replies":[{"embeddable":true,"href":"https:\/\/respondelligent.com\/de\/wp-json\/wp\/v2\/comments?post=30615"}],"version-history":[{"count":0,"href":"https:\/\/respondelligent.com\/de\/wp-json\/wp\/v2\/pages\/30615\/revisions"}],"up":[{"embeddable":true,"href":"https:\/\/respondelligent.com\/de\/wp-json\/wp\/v2\/pages\/25523"}],"wp:featuredmedia":[{"embeddable":true,"href":"https:\/\/respondelligent.com\/de\/wp-json\/wp\/v2\/media\/30628"}],"wp:attachment":[{"href":"https:\/\/respondelligent.com\/de\/wp-json\/wp\/v2\/media?parent=30615"}],"curies":[{"name":"wp","href":"https:\/\/api.w.org\/{rel}","templated":true}]}}