{"id":40454,"date":"2022-12-11T09:48:43","date_gmt":"2022-12-11T08:48:43","guid":{"rendered":"https:\/\/respondelligent.com\/?page_id=40454"},"modified":"2022-12-11T10:26:49","modified_gmt":"2022-12-11T09:26:49","slug":"infografik-10-fakten-die-sie-ueber-online-bewertungen-wissen-muessen","status":"publish","type":"page","link":"https:\/\/respondelligent.com\/de\/infografik\/infografik-10-fakten-die-sie-ueber-online-bewertungen-wissen-muessen\/","title":{"rendered":"Infografik: 10 Fakten, die Sie \u00fcber Online-Bewertungen wissen m\u00fcssen"},"content":{"rendered":"<p>[et_pb_section fb_built=&#8221;1&#8243; admin_label=&#8221;section&#8221; _builder_version=&#8221;4.16&#8243; global_colors_info=&#8221;{}&#8221;][et_pb_row column_structure=&#8221;3_4,1_4&#8243; admin_label=&#8221;row&#8221; _builder_version=&#8221;4.16&#8243; background_size=&#8221;initial&#8221; background_position=&#8221;top_left&#8221; background_repeat=&#8221;repeat&#8221; global_colors_info=&#8221;{}&#8221;][et_pb_column type=&#8221;3_4&#8243; _builder_version=&#8221;4.16&#8243; custom_padding=&#8221;|||&#8221; global_colors_info=&#8221;{}&#8221; custom_padding__hover=&#8221;|||&#8221;][et_pb_text _builder_version=&#8221;4.16&#8243; header_font=&#8221;|on||on|&#8221; header_font_size=&#8221;34&#8243; border_style=&#8221;solid&#8221; global_colors_info=&#8221;{}&#8221;]<\/p>\n<h1 style=\"text-align: center;\">Was wissen Sie \u00fcber Online-Bewertungen?<\/h1>\n<p>[\/et_pb_text][et_pb_text _builder_version=&#8221;4.16&#8243; text_font_size=&#8221;16&#8243; text_orientation=&#8221;center&#8221; module_alignment=&#8221;center&#8221; border_style=&#8221;solid&#8221; global_colors_info=&#8221;{}&#8221;]<\/p>\n<p style=\"text-align: center;\">Online-Bewertungen sind heute \u00fcberall und haben einen signifikanten Einfluss auf Ihr Gesch\u00e4ft. Dies weil die \u00f6ffentlichen Bewertungen und Kommentare den Kaufentscheid potentieller Kunden &#8211; und damit Ihren Umsatz &#8211; beeinflussen.<\/p>\n<p style=\"text-align: center;\">Wir haben f\u00fcr Sie die wichtigsten Fakten \u00fcber Online-Reviews zusammengestellt und als Bonus finden Sie paar einfache Tipps, wie Sie Ihr Google-Ranking verbessern k\u00f6nnen.<\/p>\n<p style=\"text-align: center;\"><strong>Noch nicht \u00fcberzeugt, dass Online-Bewertungen wichtig f\u00fcr Sie sind? Dann schauen Sie sich die Infografik an.<\/strong><\/p>\n<p>[\/et_pb_text][et_pb_image src=&#8221;https:\/\/respondelligent.com\/wp-content\/uploads\/2017\/07\/Infografik.png&#8221; align_tablet=&#8221;center&#8221; align_phone=&#8221;&#8221; align_last_edited=&#8221;on|desktop&#8221; _builder_version=&#8221;4.16&#8243; animation_style=&#8221;slide&#8221; animation_direction=&#8221;left&#8221; animation_duration=&#8221;500ms&#8221; animation_intensity_slide=&#8221;10%&#8221; border_style=&#8221;solid&#8221; sticky=&#8221;off&#8221; always_center_on_mobile=&#8221;on&#8221; global_colors_info=&#8221;{}&#8221;][\/et_pb_image][\/et_pb_column][et_pb_column type=&#8221;1_4&#8243; _builder_version=&#8221;4.16&#8243; custom_padding=&#8221;|||&#8221; global_colors_info=&#8221;{}&#8221; custom_padding__hover=&#8221;|||&#8221;][et_pb_sidebar area=&#8221;sidebar-1&#8243; _builder_version=&#8221;4.16&#8243; remove_border=&#8221;off&#8221; global_colors_info=&#8221;{}&#8221;][\/et_pb_sidebar][\/et_pb_column][\/et_pb_row][\/et_pb_section]<\/p>\n","protected":false},"excerpt":{"rendered":"<p>Online-Bewertungen sind heute entscheidend, da sich potentielle Kunden vor dem Kaufentscheid online informieren. Lernen Sie die 10 wichtigsten Fakten dar\u00fcber.<\/p>\n","protected":false},"author":1,"featured_media":25461,"parent":26933,"menu_order":0,"comment_status":"closed","ping_status":"closed","template":"","meta":{"_et_pb_use_builder":"on","_et_pb_old_content":"","_et_gb_content_width":"","footnotes":""},"class_list":["post-40454","page","type-page","status-publish","has-post-thumbnail","hentry"],"yoast_head":"<!-- This site is optimized with the Yoast SEO plugin v27.3 - https:\/\/yoast.com\/product\/yoast-seo-wordpress\/ -->\n<title>Infografik: 10 Fakten, die Sie \u00fcber Online-Bewertungen wissen m\u00fcssen<\/title>\n<meta name=\"description\" content=\"Online-Bewertungen sind heute entscheidend, da sich potentielle Kunden vor dem Kaufentscheid online informieren. Lernen Sie die wichtigsten Fakten dar\u00fcber.\" \/>\n<meta name=\"robots\" content=\"index, follow, max-snippet:-1, max-image-preview:large, max-video-preview:-1\" \/>\n<link rel=\"canonical\" href=\"https:\/\/respondelligent.com\/de\/infografik\/infografik-10-fakten-die-sie-ueber-online-bewertungen-wissen-muessen\/\" \/>\n<meta property=\"og:locale\" content=\"de_DE\" \/>\n<meta property=\"og:type\" content=\"article\" \/>\n<meta property=\"og:title\" content=\"Infografik: 10 Fakten, die Sie \u00fcber Online-Bewertungen wissen m\u00fcssen\" \/>\n<meta property=\"og:description\" content=\"Online-Bewertungen sind heute entscheidend, da sich potentielle Kunden vor dem Kaufentscheid online informieren. Lernen Sie die wichtigsten Fakten dar\u00fcber.\" \/>\n<meta property=\"og:url\" content=\"https:\/\/respondelligent.com\/de\/infografik\/infografik-10-fakten-die-sie-ueber-online-bewertungen-wissen-muessen\/\" \/>\n<meta property=\"og:site_name\" content=\"re:spondelligent\" \/>\n<meta property=\"article:publisher\" content=\"https:\/\/www.facebook.com\/respondelligent\/\" \/>\n<meta property=\"article:modified_time\" content=\"2022-12-11T09:26:49+00:00\" \/>\n<meta property=\"og:image\" content=\"https:\/\/respondelligent.com\/wp-content\/uploads\/2017\/05\/Infographic_10Facts.png\" \/>\n\t<meta property=\"og:image:width\" content=\"1071\" \/>\n\t<meta property=\"og:image:height\" content=\"570\" \/>\n\t<meta property=\"og:image:type\" content=\"image\/png\" \/>\n<meta name=\"twitter:card\" content=\"summary_large_image\" \/>\n<meta name=\"twitter:site\" content=\"@respondelligent\" \/>\n<meta name=\"twitter:label1\" content=\"Est. reading time\" \/>\n\t<meta name=\"twitter:data1\" content=\"1 minute\" \/>\n<script type=\"application\/ld+json\" class=\"yoast-schema-graph\">{\"@context\":\"https:\\\/\\\/schema.org\",\"@graph\":[{\"@type\":\"WebPage\",\"@id\":\"https:\\\/\\\/respondelligent.com\\\/de\\\/infografik\\\/infografik-10-fakten-die-sie-ueber-online-bewertungen-wissen-muessen\\\/\",\"url\":\"https:\\\/\\\/respondelligent.com\\\/de\\\/infografik\\\/infografik-10-fakten-die-sie-ueber-online-bewertungen-wissen-muessen\\\/\",\"name\":\"Infografik: 10 Fakten, die Sie \u00fcber Online-Bewertungen wissen m\u00fcssen\",\"isPartOf\":{\"@id\":\"https:\\\/\\\/respondelligent.com\\\/de\\\/#website\"},\"primaryImageOfPage\":{\"@id\":\"https:\\\/\\\/respondelligent.com\\\/de\\\/infografik\\\/infografik-10-fakten-die-sie-ueber-online-bewertungen-wissen-muessen\\\/#primaryimage\"},\"image\":{\"@id\":\"https:\\\/\\\/respondelligent.com\\\/de\\\/infografik\\\/infografik-10-fakten-die-sie-ueber-online-bewertungen-wissen-muessen\\\/#primaryimage\"},\"thumbnailUrl\":\"https:\\\/\\\/respondelligent.com\\\/wp-content\\\/uploads\\\/2017\\\/05\\\/Infographic_10Facts.png\",\"datePublished\":\"2022-12-11T08:48:43+00:00\",\"dateModified\":\"2022-12-11T09:26:49+00:00\",\"description\":\"Online-Bewertungen sind heute entscheidend, da sich potentielle Kunden vor dem Kaufentscheid online informieren. Lernen Sie die wichtigsten Fakten dar\u00fcber.\",\"breadcrumb\":{\"@id\":\"https:\\\/\\\/respondelligent.com\\\/de\\\/infografik\\\/infografik-10-fakten-die-sie-ueber-online-bewertungen-wissen-muessen\\\/#breadcrumb\"},\"inLanguage\":\"de\",\"potentialAction\":[{\"@type\":\"ReadAction\",\"target\":[\"https:\\\/\\\/respondelligent.com\\\/de\\\/infografik\\\/infografik-10-fakten-die-sie-ueber-online-bewertungen-wissen-muessen\\\/\"]}]},{\"@type\":\"ImageObject\",\"inLanguage\":\"de\",\"@id\":\"https:\\\/\\\/respondelligent.com\\\/de\\\/infografik\\\/infografik-10-fakten-die-sie-ueber-online-bewertungen-wissen-muessen\\\/#primaryimage\",\"url\":\"https:\\\/\\\/respondelligent.com\\\/wp-content\\\/uploads\\\/2017\\\/05\\\/Infographic_10Facts.png\",\"contentUrl\":\"https:\\\/\\\/respondelligent.com\\\/wp-content\\\/uploads\\\/2017\\\/05\\\/Infographic_10Facts.png\",\"width\":1071,\"height\":570,\"caption\":\"10 Facts You Need to Know about Online Customer Reviews - Infographic\"},{\"@type\":\"BreadcrumbList\",\"@id\":\"https:\\\/\\\/respondelligent.com\\\/de\\\/infografik\\\/infografik-10-fakten-die-sie-ueber-online-bewertungen-wissen-muessen\\\/#breadcrumb\",\"itemListElement\":[{\"@type\":\"ListItem\",\"position\":1,\"name\":\"Home\",\"item\":\"https:\\\/\\\/respondelligent.com\\\/de\\\/\"},{\"@type\":\"ListItem\",\"position\":2,\"name\":\"Infografiken\",\"item\":\"https:\\\/\\\/respondelligent.com\\\/de\\\/infografik\\\/\"},{\"@type\":\"ListItem\",\"position\":3,\"name\":\"Infografik: 10 Fakten, die Sie \u00fcber Online-Bewertungen wissen m\u00fcssen\"}]},{\"@type\":\"WebSite\",\"@id\":\"https:\\\/\\\/respondelligent.com\\\/de\\\/#website\",\"url\":\"https:\\\/\\\/respondelligent.com\\\/de\\\/\",\"name\":\"re:spondelligent\",\"description\":\"Online Review Management and Response Assistant\",\"publisher\":{\"@id\":\"https:\\\/\\\/respondelligent.com\\\/de\\\/#organization\"},\"potentialAction\":[{\"@type\":\"SearchAction\",\"target\":{\"@type\":\"EntryPoint\",\"urlTemplate\":\"https:\\\/\\\/respondelligent.com\\\/de\\\/?s={search_term_string}\"},\"query-input\":{\"@type\":\"PropertyValueSpecification\",\"valueRequired\":true,\"valueName\":\"search_term_string\"}}],\"inLanguage\":\"de\"},{\"@type\":\"Organization\",\"@id\":\"https:\\\/\\\/respondelligent.com\\\/de\\\/#organization\",\"name\":\"re:spondelligent\",\"url\":\"https:\\\/\\\/respondelligent.com\\\/de\\\/\",\"logo\":{\"@type\":\"ImageObject\",\"inLanguage\":\"de\",\"@id\":\"https:\\\/\\\/respondelligent.com\\\/de\\\/#\\\/schema\\\/logo\\\/image\\\/\",\"url\":\"https:\\\/\\\/respondelligent.com\\\/wp-content\\\/uploads\\\/2021\\\/10\\\/respondelligent_new_logo.png\",\"contentUrl\":\"https:\\\/\\\/respondelligent.com\\\/wp-content\\\/uploads\\\/2021\\\/10\\\/respondelligent_new_logo.png\",\"width\":9560,\"height\":1328,\"caption\":\"re:spondelligent\"},\"image\":{\"@id\":\"https:\\\/\\\/respondelligent.com\\\/de\\\/#\\\/schema\\\/logo\\\/image\\\/\"},\"sameAs\":[\"https:\\\/\\\/www.facebook.com\\\/respondelligent\\\/\",\"https:\\\/\\\/x.com\\\/respondelligent\",\"https:\\\/\\\/www.linkedin.com\\\/company-beta\\\/11070595\",\"https:\\\/\\\/www.youtube.com\\\/channel\\\/UC5viYqQBWs0dDcQyUiwXwdw\"]}]}<\/script>\n<!-- \/ Yoast SEO plugin. -->","yoast_head_json":{"title":"Infografik: 10 Fakten, die Sie \u00fcber Online-Bewertungen wissen m\u00fcssen","description":"Online-Bewertungen sind heute entscheidend, da sich potentielle Kunden vor dem Kaufentscheid online informieren. Lernen Sie die wichtigsten Fakten dar\u00fcber.","robots":{"index":"index","follow":"follow","max-snippet":"max-snippet:-1","max-image-preview":"max-image-preview:large","max-video-preview":"max-video-preview:-1"},"canonical":"https:\/\/respondelligent.com\/de\/infografik\/infografik-10-fakten-die-sie-ueber-online-bewertungen-wissen-muessen\/","og_locale":"de_DE","og_type":"article","og_title":"Infografik: 10 Fakten, die Sie \u00fcber Online-Bewertungen wissen m\u00fcssen","og_description":"Online-Bewertungen sind heute entscheidend, da sich potentielle Kunden vor dem Kaufentscheid online informieren. Lernen Sie die wichtigsten Fakten dar\u00fcber.","og_url":"https:\/\/respondelligent.com\/de\/infografik\/infografik-10-fakten-die-sie-ueber-online-bewertungen-wissen-muessen\/","og_site_name":"re:spondelligent","article_publisher":"https:\/\/www.facebook.com\/respondelligent\/","article_modified_time":"2022-12-11T09:26:49+00:00","og_image":[{"width":1071,"height":570,"url":"https:\/\/respondelligent.com\/wp-content\/uploads\/2017\/05\/Infographic_10Facts.png","type":"image\/png"}],"twitter_card":"summary_large_image","twitter_site":"@respondelligent","twitter_misc":{"Est. reading time":"1 minute"},"schema":{"@context":"https:\/\/schema.org","@graph":[{"@type":"WebPage","@id":"https:\/\/respondelligent.com\/de\/infografik\/infografik-10-fakten-die-sie-ueber-online-bewertungen-wissen-muessen\/","url":"https:\/\/respondelligent.com\/de\/infografik\/infografik-10-fakten-die-sie-ueber-online-bewertungen-wissen-muessen\/","name":"Infografik: 10 Fakten, die Sie \u00fcber Online-Bewertungen wissen m\u00fcssen","isPartOf":{"@id":"https:\/\/respondelligent.com\/de\/#website"},"primaryImageOfPage":{"@id":"https:\/\/respondelligent.com\/de\/infografik\/infografik-10-fakten-die-sie-ueber-online-bewertungen-wissen-muessen\/#primaryimage"},"image":{"@id":"https:\/\/respondelligent.com\/de\/infografik\/infografik-10-fakten-die-sie-ueber-online-bewertungen-wissen-muessen\/#primaryimage"},"thumbnailUrl":"https:\/\/respondelligent.com\/wp-content\/uploads\/2017\/05\/Infographic_10Facts.png","datePublished":"2022-12-11T08:48:43+00:00","dateModified":"2022-12-11T09:26:49+00:00","description":"Online-Bewertungen sind heute entscheidend, da sich potentielle Kunden vor dem Kaufentscheid online informieren. Lernen Sie die wichtigsten Fakten dar\u00fcber.","breadcrumb":{"@id":"https:\/\/respondelligent.com\/de\/infografik\/infografik-10-fakten-die-sie-ueber-online-bewertungen-wissen-muessen\/#breadcrumb"},"inLanguage":"de","potentialAction":[{"@type":"ReadAction","target":["https:\/\/respondelligent.com\/de\/infografik\/infografik-10-fakten-die-sie-ueber-online-bewertungen-wissen-muessen\/"]}]},{"@type":"ImageObject","inLanguage":"de","@id":"https:\/\/respondelligent.com\/de\/infografik\/infografik-10-fakten-die-sie-ueber-online-bewertungen-wissen-muessen\/#primaryimage","url":"https:\/\/respondelligent.com\/wp-content\/uploads\/2017\/05\/Infographic_10Facts.png","contentUrl":"https:\/\/respondelligent.com\/wp-content\/uploads\/2017\/05\/Infographic_10Facts.png","width":1071,"height":570,"caption":"10 Facts You Need to Know about Online Customer Reviews - Infographic"},{"@type":"BreadcrumbList","@id":"https:\/\/respondelligent.com\/de\/infografik\/infografik-10-fakten-die-sie-ueber-online-bewertungen-wissen-muessen\/#breadcrumb","itemListElement":[{"@type":"ListItem","position":1,"name":"Home","item":"https:\/\/respondelligent.com\/de\/"},{"@type":"ListItem","position":2,"name":"Infografiken","item":"https:\/\/respondelligent.com\/de\/infografik\/"},{"@type":"ListItem","position":3,"name":"Infografik: 10 Fakten, die Sie \u00fcber Online-Bewertungen wissen m\u00fcssen"}]},{"@type":"WebSite","@id":"https:\/\/respondelligent.com\/de\/#website","url":"https:\/\/respondelligent.com\/de\/","name":"re:spondelligent","description":"Online Review Management and Response Assistant","publisher":{"@id":"https:\/\/respondelligent.com\/de\/#organization"},"potentialAction":[{"@type":"SearchAction","target":{"@type":"EntryPoint","urlTemplate":"https:\/\/respondelligent.com\/de\/?s={search_term_string}"},"query-input":{"@type":"PropertyValueSpecification","valueRequired":true,"valueName":"search_term_string"}}],"inLanguage":"de"},{"@type":"Organization","@id":"https:\/\/respondelligent.com\/de\/#organization","name":"re:spondelligent","url":"https:\/\/respondelligent.com\/de\/","logo":{"@type":"ImageObject","inLanguage":"de","@id":"https:\/\/respondelligent.com\/de\/#\/schema\/logo\/image\/","url":"https:\/\/respondelligent.com\/wp-content\/uploads\/2021\/10\/respondelligent_new_logo.png","contentUrl":"https:\/\/respondelligent.com\/wp-content\/uploads\/2021\/10\/respondelligent_new_logo.png","width":9560,"height":1328,"caption":"re:spondelligent"},"image":{"@id":"https:\/\/respondelligent.com\/de\/#\/schema\/logo\/image\/"},"sameAs":["https:\/\/www.facebook.com\/respondelligent\/","https:\/\/x.com\/respondelligent","https:\/\/www.linkedin.com\/company-beta\/11070595","https:\/\/www.youtube.com\/channel\/UC5viYqQBWs0dDcQyUiwXwdw"]}]}},"_links":{"self":[{"href":"https:\/\/respondelligent.com\/de\/wp-json\/wp\/v2\/pages\/40454","targetHints":{"allow":["GET"]}}],"collection":[{"href":"https:\/\/respondelligent.com\/de\/wp-json\/wp\/v2\/pages"}],"about":[{"href":"https:\/\/respondelligent.com\/de\/wp-json\/wp\/v2\/types\/page"}],"author":[{"embeddable":true,"href":"https:\/\/respondelligent.com\/de\/wp-json\/wp\/v2\/users\/1"}],"replies":[{"embeddable":true,"href":"https:\/\/respondelligent.com\/de\/wp-json\/wp\/v2\/comments?post=40454"}],"version-history":[{"count":2,"href":"https:\/\/respondelligent.com\/de\/wp-json\/wp\/v2\/pages\/40454\/revisions"}],"predecessor-version":[{"id":40469,"href":"https:\/\/respondelligent.com\/de\/wp-json\/wp\/v2\/pages\/40454\/revisions\/40469"}],"up":[{"embeddable":true,"href":"https:\/\/respondelligent.com\/de\/wp-json\/wp\/v2\/pages\/26933"}],"wp:featuredmedia":[{"embeddable":true,"href":"https:\/\/respondelligent.com\/de\/wp-json\/wp\/v2\/media\/25461"}],"wp:attachment":[{"href":"https:\/\/respondelligent.com\/de\/wp-json\/wp\/v2\/media?parent=40454"}],"curies":[{"name":"wp","href":"https:\/\/api.w.org\/{rel}","templated":true}]}}