{"id":40471,"date":"2022-12-11T10:41:17","date_gmt":"2022-12-11T09:41:17","guid":{"rendered":"https:\/\/respondelligent.com\/?page_id=40471"},"modified":"2022-12-11T10:41:27","modified_gmt":"2022-12-11T09:41:27","slug":"infografik-too-good-to-go","status":"publish","type":"page","link":"https:\/\/respondelligent.com\/de\/infografik\/infografik-too-good-to-go\/","title":{"rendered":"Infografik: G\u00e4stezufriedenheit beim Kampf gegen Food Waste"},"content":{"rendered":"<p>[et_pb_section fb_built=&#8221;1&#8243; admin_label=&#8221;section&#8221; _builder_version=&#8221;4.16&#8243; global_colors_info=&#8221;{}&#8221;][et_pb_row column_structure=&#8221;3_4,1_4&#8243; admin_label=&#8221;row&#8221; _builder_version=&#8221;4.16&#8243; background_size=&#8221;initial&#8221; background_position=&#8221;top_left&#8221; background_repeat=&#8221;repeat&#8221; global_colors_info=&#8221;{}&#8221;][et_pb_column type=&#8221;3_4&#8243; _builder_version=&#8221;4.16&#8243; custom_padding=&#8221;|||&#8221; global_colors_info=&#8221;{}&#8221; custom_padding__hover=&#8221;|||&#8221;][et_pb_text _builder_version=&#8221;4.18.0&#8243; header_font=&#8221;|on||on|&#8221; header_font_size=&#8221;34&#8243; hover_enabled=&#8221;0&#8243; border_style=&#8221;solid&#8221; global_colors_info=&#8221;{}&#8221; sticky_enabled=&#8221;0&#8243;]<\/p>\n<h1 style=\"text-align: center;\">Wie wirkt sich das Engagement f\u00fcr den Kampf gegen Food Waste auf die G\u00e4stezufriedenheit aus?<\/h1>\n<p>[\/et_pb_text][et_pb_text _builder_version=&#8221;4.18.0&#8243; text_font_size=&#8221;16&#8243; text_orientation=&#8221;center&#8221; module_alignment=&#8221;center&#8221; hover_enabled=&#8221;0&#8243; border_style=&#8221;solid&#8221; global_colors_info=&#8221;{}&#8221; sticky_enabled=&#8221;0&#8243;]<\/p>\n<p style=\"text-align: center;\">Beim Kampf gegen Food Waste k\u00f6nnen G\u00e4ste heute aktiv mithelfen. Mit der App von Too Good To Go, k\u00f6nnen User Restaurants und B\u00e4ckereien unterst\u00fctzen, damit diese weniger Lebensmittel wegwerfen m\u00fcssen.<\/p>\n<p style=\"text-align: center;\">Wie wirkt sich dieses Engagement von Restaurants uns B\u00e4ckereien auf ihre Onlinereputation aus und sind sie allenfalls sogar deshalb beliebter bei ihren G\u00e4sten?<\/p>\n<p style=\"text-align: center;\"><strong>Unsere Analyse f\u00fcr und mit Too Good To Go gibt Aufschluss dar\u00fcber.<\/strong><\/p>\n<p>[\/et_pb_text][et_pb_image src=&#8221;https:\/\/respondelligent.com\/wp-content\/uploads\/2022\/12\/Infographic_respondelligent-TGTG-1.png&#8221; align_tablet=&#8221;center&#8221; align_phone=&#8221;&#8221; align_last_edited=&#8221;on|desktop&#8221; _builder_version=&#8221;4.18.0&#8243; animation_style=&#8221;slide&#8221; animation_direction=&#8221;left&#8221; animation_duration=&#8221;500ms&#8221; animation_intensity_slide=&#8221;10%&#8221; hover_enabled=&#8221;0&#8243; border_style=&#8221;solid&#8221; sticky=&#8221;off&#8221; always_center_on_mobile=&#8221;on&#8221; global_colors_info=&#8221;{}&#8221; alt=&#8221;Infografik Too Good To Go und re:spondelligent&#8221; title_text=&#8221;Infographic_respondelligent-TGTG&#8221; sticky_enabled=&#8221;0&#8243;][\/et_pb_image][\/et_pb_column][et_pb_column type=&#8221;1_4&#8243; _builder_version=&#8221;4.16&#8243; custom_padding=&#8221;|||&#8221; global_colors_info=&#8221;{}&#8221; custom_padding__hover=&#8221;|||&#8221;][et_pb_sidebar area=&#8221;sidebar-1&#8243; _builder_version=&#8221;4.16&#8243; remove_border=&#8221;off&#8221; global_colors_info=&#8221;{}&#8221;][\/et_pb_sidebar][\/et_pb_column][\/et_pb_row][\/et_pb_section]<\/p>\n","protected":false},"excerpt":{"rendered":"<p>Analyse der G\u00e4stezufriedenheit von Restaurants und B\u00e4ckereien, die sich zusammen mit Too Good To Go gegen Food Waste einsetzen.<\/p>\n","protected":false},"author":1,"featured_media":40463,"parent":26933,"menu_order":0,"comment_status":"closed","ping_status":"closed","template":"","meta":{"_et_pb_use_builder":"on","_et_pb_old_content":"","_et_gb_content_width":"","footnotes":""},"class_list":["post-40471","page","type-page","status-publish","has-post-thumbnail","hentry"],"yoast_head":"<!-- This site is optimized with the Yoast SEO plugin v27.3 - https:\/\/yoast.com\/product\/yoast-seo-wordpress\/ -->\n<title>Infografik: G\u00e4stezufriedenheit beim Kampf gegen Food Waste<\/title>\n<meta name=\"description\" content=\"Analyse der G\u00e4stezufriedenheit von Restaurants und B\u00e4ckereien, die sich zusammen mit Too Good To Go gegen Food Waste einsetzen.\" \/>\n<meta name=\"robots\" content=\"index, follow, max-snippet:-1, max-image-preview:large, max-video-preview:-1\" \/>\n<link rel=\"canonical\" href=\"https:\/\/respondelligent.com\/de\/infografik\/infografik-too-good-to-go\/\" \/>\n<meta property=\"og:locale\" content=\"de_DE\" \/>\n<meta property=\"og:type\" content=\"article\" \/>\n<meta property=\"og:title\" content=\"Infografik: G\u00e4stezufriedenheit beim Kampf gegen Food Waste\" \/>\n<meta property=\"og:description\" content=\"Analyse der G\u00e4stezufriedenheit von Restaurants und B\u00e4ckereien, die sich zusammen mit Too Good To Go gegen Food Waste einsetzen.\" \/>\n<meta property=\"og:url\" content=\"https:\/\/respondelligent.com\/de\/infografik\/infografik-too-good-to-go\/\" \/>\n<meta property=\"og:site_name\" content=\"re:spondelligent\" \/>\n<meta property=\"article:publisher\" content=\"https:\/\/www.facebook.com\/respondelligent\/\" \/>\n<meta property=\"article:modified_time\" content=\"2022-12-11T09:41:27+00:00\" \/>\n<meta property=\"og:image\" content=\"https:\/\/respondelligent.com\/wp-content\/uploads\/2022\/12\/Infographic_respondelligent-TGTG.png\" \/>\n\t<meta property=\"og:image:width\" content=\"2481\" \/>\n\t<meta property=\"og:image:height\" content=\"1396\" \/>\n\t<meta property=\"og:image:type\" content=\"image\/png\" \/>\n<meta name=\"twitter:card\" content=\"summary_large_image\" \/>\n<meta name=\"twitter:site\" content=\"@respondelligent\" \/>\n<meta name=\"twitter:label1\" content=\"Est. reading time\" \/>\n\t<meta name=\"twitter:data1\" content=\"2 minutes\" \/>\n<script type=\"application\/ld+json\" class=\"yoast-schema-graph\">{\"@context\":\"https:\\\/\\\/schema.org\",\"@graph\":[{\"@type\":\"WebPage\",\"@id\":\"https:\\\/\\\/respondelligent.com\\\/de\\\/infografik\\\/infografik-too-good-to-go\\\/\",\"url\":\"https:\\\/\\\/respondelligent.com\\\/de\\\/infografik\\\/infografik-too-good-to-go\\\/\",\"name\":\"Infografik: G\u00e4stezufriedenheit beim Kampf gegen Food Waste\",\"isPartOf\":{\"@id\":\"https:\\\/\\\/respondelligent.com\\\/de\\\/#website\"},\"primaryImageOfPage\":{\"@id\":\"https:\\\/\\\/respondelligent.com\\\/de\\\/infografik\\\/infografik-too-good-to-go\\\/#primaryimage\"},\"image\":{\"@id\":\"https:\\\/\\\/respondelligent.com\\\/de\\\/infografik\\\/infografik-too-good-to-go\\\/#primaryimage\"},\"thumbnailUrl\":\"https:\\\/\\\/respondelligent.com\\\/wp-content\\\/uploads\\\/2022\\\/12\\\/Infographic_respondelligent-TGTG.png\",\"datePublished\":\"2022-12-11T09:41:17+00:00\",\"dateModified\":\"2022-12-11T09:41:27+00:00\",\"description\":\"Analyse der G\u00e4stezufriedenheit von Restaurants und B\u00e4ckereien, die sich zusammen mit Too Good To Go gegen Food Waste einsetzen.\",\"breadcrumb\":{\"@id\":\"https:\\\/\\\/respondelligent.com\\\/de\\\/infografik\\\/infografik-too-good-to-go\\\/#breadcrumb\"},\"inLanguage\":\"de\",\"potentialAction\":[{\"@type\":\"ReadAction\",\"target\":[\"https:\\\/\\\/respondelligent.com\\\/de\\\/infografik\\\/infografik-too-good-to-go\\\/\"]}]},{\"@type\":\"ImageObject\",\"inLanguage\":\"de\",\"@id\":\"https:\\\/\\\/respondelligent.com\\\/de\\\/infografik\\\/infografik-too-good-to-go\\\/#primaryimage\",\"url\":\"https:\\\/\\\/respondelligent.com\\\/wp-content\\\/uploads\\\/2022\\\/12\\\/Infographic_respondelligent-TGTG.png\",\"contentUrl\":\"https:\\\/\\\/respondelligent.com\\\/wp-content\\\/uploads\\\/2022\\\/12\\\/Infographic_respondelligent-TGTG.png\",\"width\":2481,\"height\":1396},{\"@type\":\"BreadcrumbList\",\"@id\":\"https:\\\/\\\/respondelligent.com\\\/de\\\/infografik\\\/infografik-too-good-to-go\\\/#breadcrumb\",\"itemListElement\":[{\"@type\":\"ListItem\",\"position\":1,\"name\":\"Home\",\"item\":\"https:\\\/\\\/respondelligent.com\\\/de\\\/\"},{\"@type\":\"ListItem\",\"position\":2,\"name\":\"Infografiken\",\"item\":\"https:\\\/\\\/respondelligent.com\\\/de\\\/infografik\\\/\"},{\"@type\":\"ListItem\",\"position\":3,\"name\":\"Infografik: G\u00e4stezufriedenheit beim Kampf gegen Food Waste\"}]},{\"@type\":\"WebSite\",\"@id\":\"https:\\\/\\\/respondelligent.com\\\/de\\\/#website\",\"url\":\"https:\\\/\\\/respondelligent.com\\\/de\\\/\",\"name\":\"re:spondelligent\",\"description\":\"Online Review Management and Response Assistant\",\"publisher\":{\"@id\":\"https:\\\/\\\/respondelligent.com\\\/de\\\/#organization\"},\"potentialAction\":[{\"@type\":\"SearchAction\",\"target\":{\"@type\":\"EntryPoint\",\"urlTemplate\":\"https:\\\/\\\/respondelligent.com\\\/de\\\/?s={search_term_string}\"},\"query-input\":{\"@type\":\"PropertyValueSpecification\",\"valueRequired\":true,\"valueName\":\"search_term_string\"}}],\"inLanguage\":\"de\"},{\"@type\":\"Organization\",\"@id\":\"https:\\\/\\\/respondelligent.com\\\/de\\\/#organization\",\"name\":\"re:spondelligent\",\"url\":\"https:\\\/\\\/respondelligent.com\\\/de\\\/\",\"logo\":{\"@type\":\"ImageObject\",\"inLanguage\":\"de\",\"@id\":\"https:\\\/\\\/respondelligent.com\\\/de\\\/#\\\/schema\\\/logo\\\/image\\\/\",\"url\":\"https:\\\/\\\/respondelligent.com\\\/wp-content\\\/uploads\\\/2021\\\/10\\\/respondelligent_new_logo.png\",\"contentUrl\":\"https:\\\/\\\/respondelligent.com\\\/wp-content\\\/uploads\\\/2021\\\/10\\\/respondelligent_new_logo.png\",\"width\":9560,\"height\":1328,\"caption\":\"re:spondelligent\"},\"image\":{\"@id\":\"https:\\\/\\\/respondelligent.com\\\/de\\\/#\\\/schema\\\/logo\\\/image\\\/\"},\"sameAs\":[\"https:\\\/\\\/www.facebook.com\\\/respondelligent\\\/\",\"https:\\\/\\\/x.com\\\/respondelligent\",\"https:\\\/\\\/www.linkedin.com\\\/company-beta\\\/11070595\",\"https:\\\/\\\/www.youtube.com\\\/channel\\\/UC5viYqQBWs0dDcQyUiwXwdw\"]}]}<\/script>\n<!-- \/ Yoast SEO plugin. -->","yoast_head_json":{"title":"Infografik: G\u00e4stezufriedenheit beim Kampf gegen Food Waste","description":"Analyse der G\u00e4stezufriedenheit von Restaurants und B\u00e4ckereien, die sich zusammen mit Too Good To Go gegen Food Waste einsetzen.","robots":{"index":"index","follow":"follow","max-snippet":"max-snippet:-1","max-image-preview":"max-image-preview:large","max-video-preview":"max-video-preview:-1"},"canonical":"https:\/\/respondelligent.com\/de\/infografik\/infografik-too-good-to-go\/","og_locale":"de_DE","og_type":"article","og_title":"Infografik: G\u00e4stezufriedenheit beim Kampf gegen Food Waste","og_description":"Analyse der G\u00e4stezufriedenheit von Restaurants und B\u00e4ckereien, die sich zusammen mit Too Good To Go gegen Food Waste einsetzen.","og_url":"https:\/\/respondelligent.com\/de\/infografik\/infografik-too-good-to-go\/","og_site_name":"re:spondelligent","article_publisher":"https:\/\/www.facebook.com\/respondelligent\/","article_modified_time":"2022-12-11T09:41:27+00:00","og_image":[{"width":2481,"height":1396,"url":"https:\/\/respondelligent.com\/wp-content\/uploads\/2022\/12\/Infographic_respondelligent-TGTG.png","type":"image\/png"}],"twitter_card":"summary_large_image","twitter_site":"@respondelligent","twitter_misc":{"Est. reading time":"2 minutes"},"schema":{"@context":"https:\/\/schema.org","@graph":[{"@type":"WebPage","@id":"https:\/\/respondelligent.com\/de\/infografik\/infografik-too-good-to-go\/","url":"https:\/\/respondelligent.com\/de\/infografik\/infografik-too-good-to-go\/","name":"Infografik: G\u00e4stezufriedenheit beim Kampf gegen Food Waste","isPartOf":{"@id":"https:\/\/respondelligent.com\/de\/#website"},"primaryImageOfPage":{"@id":"https:\/\/respondelligent.com\/de\/infografik\/infografik-too-good-to-go\/#primaryimage"},"image":{"@id":"https:\/\/respondelligent.com\/de\/infografik\/infografik-too-good-to-go\/#primaryimage"},"thumbnailUrl":"https:\/\/respondelligent.com\/wp-content\/uploads\/2022\/12\/Infographic_respondelligent-TGTG.png","datePublished":"2022-12-11T09:41:17+00:00","dateModified":"2022-12-11T09:41:27+00:00","description":"Analyse der G\u00e4stezufriedenheit von Restaurants und B\u00e4ckereien, die sich zusammen mit Too Good To Go gegen Food Waste einsetzen.","breadcrumb":{"@id":"https:\/\/respondelligent.com\/de\/infografik\/infografik-too-good-to-go\/#breadcrumb"},"inLanguage":"de","potentialAction":[{"@type":"ReadAction","target":["https:\/\/respondelligent.com\/de\/infografik\/infografik-too-good-to-go\/"]}]},{"@type":"ImageObject","inLanguage":"de","@id":"https:\/\/respondelligent.com\/de\/infografik\/infografik-too-good-to-go\/#primaryimage","url":"https:\/\/respondelligent.com\/wp-content\/uploads\/2022\/12\/Infographic_respondelligent-TGTG.png","contentUrl":"https:\/\/respondelligent.com\/wp-content\/uploads\/2022\/12\/Infographic_respondelligent-TGTG.png","width":2481,"height":1396},{"@type":"BreadcrumbList","@id":"https:\/\/respondelligent.com\/de\/infografik\/infografik-too-good-to-go\/#breadcrumb","itemListElement":[{"@type":"ListItem","position":1,"name":"Home","item":"https:\/\/respondelligent.com\/de\/"},{"@type":"ListItem","position":2,"name":"Infografiken","item":"https:\/\/respondelligent.com\/de\/infografik\/"},{"@type":"ListItem","position":3,"name":"Infografik: G\u00e4stezufriedenheit beim Kampf gegen Food Waste"}]},{"@type":"WebSite","@id":"https:\/\/respondelligent.com\/de\/#website","url":"https:\/\/respondelligent.com\/de\/","name":"re:spondelligent","description":"Online Review Management and Response Assistant","publisher":{"@id":"https:\/\/respondelligent.com\/de\/#organization"},"potentialAction":[{"@type":"SearchAction","target":{"@type":"EntryPoint","urlTemplate":"https:\/\/respondelligent.com\/de\/?s={search_term_string}"},"query-input":{"@type":"PropertyValueSpecification","valueRequired":true,"valueName":"search_term_string"}}],"inLanguage":"de"},{"@type":"Organization","@id":"https:\/\/respondelligent.com\/de\/#organization","name":"re:spondelligent","url":"https:\/\/respondelligent.com\/de\/","logo":{"@type":"ImageObject","inLanguage":"de","@id":"https:\/\/respondelligent.com\/de\/#\/schema\/logo\/image\/","url":"https:\/\/respondelligent.com\/wp-content\/uploads\/2021\/10\/respondelligent_new_logo.png","contentUrl":"https:\/\/respondelligent.com\/wp-content\/uploads\/2021\/10\/respondelligent_new_logo.png","width":9560,"height":1328,"caption":"re:spondelligent"},"image":{"@id":"https:\/\/respondelligent.com\/de\/#\/schema\/logo\/image\/"},"sameAs":["https:\/\/www.facebook.com\/respondelligent\/","https:\/\/x.com\/respondelligent","https:\/\/www.linkedin.com\/company-beta\/11070595","https:\/\/www.youtube.com\/channel\/UC5viYqQBWs0dDcQyUiwXwdw"]}]}},"_links":{"self":[{"href":"https:\/\/respondelligent.com\/de\/wp-json\/wp\/v2\/pages\/40471","targetHints":{"allow":["GET"]}}],"collection":[{"href":"https:\/\/respondelligent.com\/de\/wp-json\/wp\/v2\/pages"}],"about":[{"href":"https:\/\/respondelligent.com\/de\/wp-json\/wp\/v2\/types\/page"}],"author":[{"embeddable":true,"href":"https:\/\/respondelligent.com\/de\/wp-json\/wp\/v2\/users\/1"}],"replies":[{"embeddable":true,"href":"https:\/\/respondelligent.com\/de\/wp-json\/wp\/v2\/comments?post=40471"}],"version-history":[{"count":3,"href":"https:\/\/respondelligent.com\/de\/wp-json\/wp\/v2\/pages\/40471\/revisions"}],"predecessor-version":[{"id":40480,"href":"https:\/\/respondelligent.com\/de\/wp-json\/wp\/v2\/pages\/40471\/revisions\/40480"}],"up":[{"embeddable":true,"href":"https:\/\/respondelligent.com\/de\/wp-json\/wp\/v2\/pages\/26933"}],"wp:featuredmedia":[{"embeddable":true,"href":"https:\/\/respondelligent.com\/de\/wp-json\/wp\/v2\/media\/40463"}],"wp:attachment":[{"href":"https:\/\/respondelligent.com\/de\/wp-json\/wp\/v2\/media?parent=40471"}],"curies":[{"name":"wp","href":"https:\/\/api.w.org\/{rel}","templated":true}]}}